{"id":1436,"date":"2016-01-19T14:52:43","date_gmt":"2016-01-19T14:52:43","guid":{"rendered":"http:\/\/anpsthemes.com\/construction\/?page_id=1436"},"modified":"2023-05-26T13:16:30","modified_gmt":"2023-05-26T13:16:30","slug":"services","status":"publish","type":"page","link":"https:\/\/maschinenbau-weimer.de\/wordpress\/de\/services\/","title":{"rendered":"Services"},"content":{"rendered":"<section class=\"wpb-content-wrapper\"><p>[vc_row equal_height=\u00a0\u00bbyes\u00a0\u00bb][vc_column][vc_custom_heading text=\u00a0\u00bbUnsere Services f\u00fcr Ihre Installationen\u00a0\u00bb font_container=\u00a0\u00bbtag:h1|text_align:center|color:%23000000&Prime; use_theme_fonts=\u00a0\u00bbyes\u00a0\u00bb el_class=\u00a0\u00bbtitle\u00a0\u00bb][\/vc_column][\/vc_row][vc_row equal_height=\u00a0\u00bbyes\u00a0\u00bb][vc_column width=\u00a0\u00bb1\/4&Prime;][vc_single_image image=\u00a0\u00bb3767&Prime; img_size=\u00a0\u00bb300&#215;275&Prime; css=\u00a0\u00bb.vc_custom_1621091562357{margin-top: 15px !important;margin-right: 15px !important;margin-bottom: 15px !important;margin-left: 15px !important;}\u00a0\u00bb][\/vc_column][vc_column width=\u00a0\u00bb3\/4&Prime;][vc_custom_heading text=\u00a0\u00bbInspektion, \u00dcberholung und Wartung\u00a0\u00bb font_container=\u00a0\u00bbtag:h2|text_align:left|color:%23000000&Prime; use_theme_fonts=\u00a0\u00bbyes\u00a0\u00bb el_class=\u00a0\u00bbtitle\u00a0\u00bb][vc_column_text]<span style=\"font-size: 18px\">Unser T\u00e4tigkeitsschwerpunkt liegt in der Wartung und Reparatur von Packmaschinen, Palettierer und Kartonmaschinen aller Hersteller. Wir \u00fcberholen auch die dazugeh\u00f6rigen Transportsysteme f\u00fcr Flaschen, Kisten und Paletten.\u00a0<\/span><\/p>\n<p><span style=\"font-size: 18px\">Wir inspizieren die Maschine, erstellen auf Wunsch ein Wartungsplan mit Kosten- und Zeitaufwand.\u00a0<\/span><\/p>\n<p><span style=\"font-size: 18px\">F\u00fcr Kunden, die ein Wartungsplan und Termin haben, stellen wir die gew\u00fcnschten Fachtechniker \u00a0mit Montageleiter bereit. Wir garantieren die Einhaltung ihres Zeitplans und den Inbetriebnahmetermin.<\/span>[\/vc_column_text][\/vc_column][\/vc_row][vc_row equal_height=\u00a0\u00bbyes\u00a0\u00bb][vc_column width=\u00a0\u00bb1\/4&Prime; el_id=\u00a0\u00bbimg-service-2&Prime;][vc_single_image image=\u00a0\u00bb3766&Prime; img_size=\u00a0\u00bb300&#215;220&Prime; css=\u00a0\u00bb.vc_custom_1621091430778{margin-top: 15px !important;margin-right: 15px !important;margin-bottom: 15px !important;margin-left: 15px !important;}\u00a0\u00bb][\/vc_column][vc_column width=\u00a0\u00bb3\/4&Prime;][vc_custom_heading text=\u00a0\u00bbReparatur und Notdienst\u00a0\u00bb font_container=\u00a0\u00bbtag:h2|text_align:left|color:%23000000&Prime; use_theme_fonts=\u00a0\u00bbyes\u00a0\u00bb el_class=\u00a0\u00bbtitle\u00a0\u00bb][vc_column_text]<span style=\"font-size: 18px\">Wir reparieren zu jeder Zeit Maschinen und Transporteure vom Trockenteilbereich um Produktionsstillstand zu vermeiden bzw. zu verk\u00fcrzen.\u00a0<\/span><\/p>\n<p><span style=\"font-size: 18px\">Die notwendige Ausr\u00fcstung bringen wir selbstverst\u00e4ndlich mit.<\/span><\/p>\n<p><span style=\"font-size: 18px\">Die zu Reparatur notwendigen Teile k\u00f6nnen wir herstellen oder beschaffen.<\/span>[\/vc_column_text][\/vc_column][\/vc_row][vc_row equal_height=\u00a0\u00bbyes\u00a0\u00bb][vc_column width=\u00a0\u00bb1\/4&Prime; el_id=\u00a0\u00bbimg-service-3&Prime;][vc_single_image image=\u00a0\u00bb3620&Prime; img_size=\u00a0\u00bb300&#215;320&Prime; css=\u00a0\u00bb.vc_custom_1620988602472{margin-top: 15px !important;margin-right: 15px !important;margin-bottom: 15px !important;margin-left: 15px !important;}\u00a0\u00bb][\/vc_column][vc_column width=\u00a0\u00bb3\/4&Prime;][vc_custom_heading text=\u00a0\u00bbAnlagen-Umsetzung und Umbauten\u00a0\u00bb font_container=\u00a0\u00bbtag:h2|text_align:left|color:%23000000&Prime; use_theme_fonts=\u00a0\u00bbyes\u00a0\u00bb el_class=\u00a0\u00bbtitle\u00a0\u00bb][vc_column_text]<span style=\"font-size: 18px;\">Wir bieten Demontage und Montage von Einzelmaschinen sowie kompletten Abf\u00fcllanlagen f\u00fcr die Getr\u00e4nkeindustrie an.<\/span><\/p>\n<p><span style=\"font-size: 18px\">Die Umsetzung von kompletten Anlagen, von der sorgf\u00e4ltigen Planung \u00fcber die fachgerechte Markierung, Demontage, Verpackung und Transport zum neuen Standort bis zur Re-Installation, f\u00fchren wir kompetent und termingerecht durch.<\/span><\/p>\n<p><span style=\"font-size: 18px\">Sie planen eine Produktumstellung oder eine Leistungssteigerung, wir bauen Ihre Bestandsmaschinen auf die neuen Anforderungen um. <\/span>[\/vc_column_text][\/vc_column][\/vc_row][vc_row equal_height=\u00a0\u00bbyes\u00a0\u00bb][vc_column width=\u00a0\u00bb1\/4&Prime; el_id=\u00a0\u00bbimg-service-4&Prime;][vc_single_image image=\u00a0\u00bb3771&Prime; img_size=\u00a0\u00bblarge\u00a0\u00bb css=\u00a0\u00bb.vc_custom_1621092560304{margin-top: 15px !important;margin-right: 15px !important;margin-bottom: 15px !important;margin-left: 15px !important;}\u00a0\u00bb][\/vc_column][vc_column width=\u00a0\u00bb3\/4&Prime;][vc_custom_heading text=\u00a0\u00bbPlanung und Ingenieurdienstleistungen\u00a0\u00bb font_container=\u00a0\u00bbtag:h2|text_align:left|color:%23000000&Prime; use_theme_fonts=\u00a0\u00bbyes\u00a0\u00bb el_class=\u00a0\u00bbtitle\u00a0\u00bb][vc_column_text]<span style=\" font-size: 18px;\">Von der pr\u00e4zisen Analyse Ihrer individuellen Anforderung \u00fcber die konkrete Konzeption Ihrer zuk\u00fcnftigen Anlage bis hin zur professionellen Beratung und zuverl\u00e4ssigen Betreuung \u2013 bei uns bekommen Sie das komplette Angebot aus einer Hand.<\/span><\/p>\n<p><span style=\"font-size: 18px\">Wir begleiten Sie in allen Phasen Ihres Projektes von der groben Idee bis zur Umsetzung<\/span><\/p>\n<p><span style=\"font-size: 18px\">Wir pr\u00fcfen Ihr Projekt auf technische und wirtschaftliche Machbarkeit und konstruieren es\u00a0nach Ihren Vorgaben.<\/span>[\/vc_column_text][vc_single_image image=\u00a0\u00bb3177&Prime; img_size=\u00a0\u00bb700&#215;400&Prime; alignment=\u00a0\u00bbcenter\u00a0\u00bb css_animation=\u00a0\u00bbnone\u00a0\u00bb][\/vc_column][\/vc_row]<\/p>\n<\/section>","protected":false},"excerpt":{"rendered":"<p>[vc_row equal_height=\u00a0\u00bbyes\u00a0\u00bb][vc_column][vc_custom_heading text=\u00a0\u00bbUnsere Services f\u00fcr Ihre Installationen\u00a0\u00bb font_container=\u00a0\u00bbtag:h1|text_align:center|color:%23000000&Prime; use_theme_fonts=\u00a0\u00bbyes\u00a0\u00bb el_class=\u00a0\u00bbtitle\u00a0\u00bb][\/vc_column][\/vc_row][vc_row equal_height=\u00a0\u00bbyes\u00a0\u00bb][vc_column width=\u00a0\u00bb1\/4&Prime;][vc_single_image image=\u00a0\u00bb3767&Prime; img_size=\u00a0\u00bb300&#215;275&Prime; css=\u00a0\u00bb.vc_custom_1621091562357{margin-top: 15px !important;margin-right: 15px !important;margin-bottom: 15px !important;margin-left: 15px !important;}\u00a0\u00bb][\/vc_column][vc_column width=\u00a0\u00bb3\/4&Prime;][vc_custom_heading text=\u00a0\u00bbInspektion, \u00dcberholung und Wartung\u00a0\u00bb font_container=\u00a0\u00bbtag:h2|text_align:left|color:%23000000&Prime; use_theme_fonts=\u00a0\u00bbyes\u00a0\u00bb el_class=\u00a0\u00bbtitle\u00a0\u00bb][vc_column_text]Unser T\u00e4tigkeitsschwerpunkt liegt in der Wartung und Reparatur von Packmaschinen, Palettierer und Kartonmaschinen aller Hersteller. Wir \u00fcberholen auch die dazugeh\u00f6rigen Transportsysteme f\u00fcr Flaschen, Kisten und [&hellip;]<\/p>\n","protected":false},"author":2,"featured_media":0,"parent":0,"menu_order":0,"comment_status":"closed","ping_status":"closed","template":"","meta":{"footnotes":""},"class_list":["post-1436","page","type-page","status-publish","hentry"],"yoast_head":"<!-- This site is optimized with the Yoast SEO plugin v27.3 - https:\/\/yoast.com\/product\/yoast-seo-wordpress\/ -->\n<title>Services - Maschinenbau Weimer<\/title>\n<meta name=\"robots\" content=\"index, follow, max-snippet:-1, max-image-preview:large, max-video-preview:-1\" \/>\n<link rel=\"canonical\" href=\"https:\/\/maschinenbau-weimer.de\/wordpress\/de\/services\/\" \/>\n<meta property=\"og:locale\" content=\"fr_FR\" \/>\n<meta property=\"og:type\" content=\"article\" \/>\n<meta property=\"og:title\" content=\"Services - Maschinenbau Weimer\" \/>\n<meta property=\"og:description\" content=\"[vc_row equal_height=\u00a0\u00bbyes\u00a0\u00bb][vc_column][vc_custom_heading text=\u00a0\u00bbUnsere Services f\u00fcr Ihre Installationen\u00a0\u00bb font_container=\u00a0\u00bbtag:h1|text_align:center|color:%23000000&Prime; use_theme_fonts=\u00a0\u00bbyes\u00a0\u00bb el_class=\u00a0\u00bbtitle\u00a0\u00bb][\/vc_column][\/vc_row][vc_row equal_height=\u00a0\u00bbyes\u00a0\u00bb][vc_column width=\u00a0\u00bb1\/4&Prime;][vc_single_image image=\u00a0\u00bb3767&Prime; img_size=\u00a0\u00bb300&#215;275&Prime; css=\u00a0\u00bb.vc_custom_1621091562357{margin-top: 15px !important;margin-right: 15px !important;margin-bottom: 15px !important;margin-left: 15px !important;}\u00a0\u00bb][\/vc_column][vc_column width=\u00a0\u00bb3\/4&Prime;][vc_custom_heading text=\u00a0\u00bbInspektion, \u00dcberholung und Wartung\u00a0\u00bb font_container=\u00a0\u00bbtag:h2|text_align:left|color:%23000000&Prime; use_theme_fonts=\u00a0\u00bbyes\u00a0\u00bb el_class=\u00a0\u00bbtitle\u00a0\u00bb][vc_column_text]Unser T\u00e4tigkeitsschwerpunkt liegt in der Wartung und Reparatur von Packmaschinen, Palettierer und Kartonmaschinen aller Hersteller. Wir \u00fcberholen auch die dazugeh\u00f6rigen Transportsysteme f\u00fcr Flaschen, Kisten und [&hellip;]\" \/>\n<meta property=\"og:url\" content=\"https:\/\/maschinenbau-weimer.de\/wordpress\/de\/services\/\" \/>\n<meta property=\"og:site_name\" content=\"Maschinenbau Weimer\" \/>\n<meta property=\"article:modified_time\" content=\"2023-05-26T13:16:30+00:00\" \/>\n<meta name=\"twitter:card\" content=\"summary_large_image\" \/>\n<meta name=\"twitter:label1\" content=\"Dur\u00e9e de lecture estim\u00e9e\" \/>\n\t<meta name=\"twitter:data1\" content=\"3 minutes\" \/>\n<script type=\"application\/ld+json\" class=\"yoast-schema-graph\">{\"@context\":\"https:\\\/\\\/schema.org\",\"@graph\":[{\"@type\":\"WebPage\",\"@id\":\"https:\\\/\\\/maschinenbau-weimer.de\\\/wordpress\\\/de\\\/services\\\/\",\"url\":\"https:\\\/\\\/maschinenbau-weimer.de\\\/wordpress\\\/de\\\/services\\\/\",\"name\":\"Services - Maschinenbau Weimer\",\"isPartOf\":{\"@id\":\"https:\\\/\\\/maschinenbau-weimer.de\\\/wordpress\\\/#website\"},\"datePublished\":\"2016-01-19T14:52:43+00:00\",\"dateModified\":\"2023-05-26T13:16:30+00:00\",\"breadcrumb\":{\"@id\":\"https:\\\/\\\/maschinenbau-weimer.de\\\/wordpress\\\/de\\\/services\\\/#breadcrumb\"},\"inLanguage\":\"fr-FR\",\"potentialAction\":[{\"@type\":\"ReadAction\",\"target\":[\"https:\\\/\\\/maschinenbau-weimer.de\\\/wordpress\\\/de\\\/services\\\/\"]}]},{\"@type\":\"BreadcrumbList\",\"@id\":\"https:\\\/\\\/maschinenbau-weimer.de\\\/wordpress\\\/de\\\/services\\\/#breadcrumb\",\"itemListElement\":[{\"@type\":\"ListItem\",\"position\":1,\"name\":\"Accueil\",\"item\":\"https:\\\/\\\/maschinenbau-weimer.de\\\/wordpress\\\/\"},{\"@type\":\"ListItem\",\"position\":2,\"name\":\"Services\"}]},{\"@type\":\"WebSite\",\"@id\":\"https:\\\/\\\/maschinenbau-weimer.de\\\/wordpress\\\/#website\",\"url\":\"https:\\\/\\\/maschinenbau-weimer.de\\\/wordpress\\\/\",\"name\":\"Maschinenbau Weimer\",\"description\":\"\",\"publisher\":{\"@id\":\"https:\\\/\\\/maschinenbau-weimer.de\\\/wordpress\\\/#organization\"},\"potentialAction\":[{\"@type\":\"SearchAction\",\"target\":{\"@type\":\"EntryPoint\",\"urlTemplate\":\"https:\\\/\\\/maschinenbau-weimer.de\\\/wordpress\\\/?s={search_term_string}\"},\"query-input\":{\"@type\":\"PropertyValueSpecification\",\"valueRequired\":true,\"valueName\":\"search_term_string\"}}],\"inLanguage\":\"fr-FR\"},{\"@type\":\"Organization\",\"@id\":\"https:\\\/\\\/maschinenbau-weimer.de\\\/wordpress\\\/#organization\",\"name\":\"Maschinenbau Weimer\",\"url\":\"https:\\\/\\\/maschinenbau-weimer.de\\\/wordpress\\\/\",\"logo\":{\"@type\":\"ImageObject\",\"inLanguage\":\"fr-FR\",\"@id\":\"https:\\\/\\\/maschinenbau-weimer.de\\\/wordpress\\\/#\\\/schema\\\/logo\\\/image\\\/\",\"url\":\"https:\\\/\\\/maschinenbau-weimer.de\\\/wordpress\\\/wp-content\\\/uploads\\\/2020\\\/02\\\/cropped-cropped-cropped-logo-weimer-maschinenbau-1-1.png\",\"contentUrl\":\"https:\\\/\\\/maschinenbau-weimer.de\\\/wordpress\\\/wp-content\\\/uploads\\\/2020\\\/02\\\/cropped-cropped-cropped-logo-weimer-maschinenbau-1-1.png\",\"width\":302,\"height\":104,\"caption\":\"Maschinenbau Weimer\"},\"image\":{\"@id\":\"https:\\\/\\\/maschinenbau-weimer.de\\\/wordpress\\\/#\\\/schema\\\/logo\\\/image\\\/\"}}]}<\/script>\n<!-- \/ Yoast SEO plugin. -->","yoast_head_json":{"title":"Services - Maschinenbau Weimer","robots":{"index":"index","follow":"follow","max-snippet":"max-snippet:-1","max-image-preview":"max-image-preview:large","max-video-preview":"max-video-preview:-1"},"canonical":"https:\/\/maschinenbau-weimer.de\/wordpress\/de\/services\/","og_locale":"fr_FR","og_type":"article","og_title":"Services - Maschinenbau Weimer","og_description":"[vc_row equal_height=\u00a0\u00bbyes\u00a0\u00bb][vc_column][vc_custom_heading text=\u00a0\u00bbUnsere Services f\u00fcr Ihre Installationen\u00a0\u00bb font_container=\u00a0\u00bbtag:h1|text_align:center|color:%23000000&Prime; use_theme_fonts=\u00a0\u00bbyes\u00a0\u00bb el_class=\u00a0\u00bbtitle\u00a0\u00bb][\/vc_column][\/vc_row][vc_row equal_height=\u00a0\u00bbyes\u00a0\u00bb][vc_column width=\u00a0\u00bb1\/4&Prime;][vc_single_image image=\u00a0\u00bb3767&Prime; img_size=\u00a0\u00bb300&#215;275&Prime; css=\u00a0\u00bb.vc_custom_1621091562357{margin-top: 15px !important;margin-right: 15px !important;margin-bottom: 15px !important;margin-left: 15px !important;}\u00a0\u00bb][\/vc_column][vc_column width=\u00a0\u00bb3\/4&Prime;][vc_custom_heading text=\u00a0\u00bbInspektion, \u00dcberholung und Wartung\u00a0\u00bb font_container=\u00a0\u00bbtag:h2|text_align:left|color:%23000000&Prime; use_theme_fonts=\u00a0\u00bbyes\u00a0\u00bb el_class=\u00a0\u00bbtitle\u00a0\u00bb][vc_column_text]Unser T\u00e4tigkeitsschwerpunkt liegt in der Wartung und Reparatur von Packmaschinen, Palettierer und Kartonmaschinen aller Hersteller. Wir \u00fcberholen auch die dazugeh\u00f6rigen Transportsysteme f\u00fcr Flaschen, Kisten und [&hellip;]","og_url":"https:\/\/maschinenbau-weimer.de\/wordpress\/de\/services\/","og_site_name":"Maschinenbau Weimer","article_modified_time":"2023-05-26T13:16:30+00:00","twitter_card":"summary_large_image","twitter_misc":{"Dur\u00e9e de lecture estim\u00e9e":"3 minutes"},"schema":{"@context":"https:\/\/schema.org","@graph":[{"@type":"WebPage","@id":"https:\/\/maschinenbau-weimer.de\/wordpress\/de\/services\/","url":"https:\/\/maschinenbau-weimer.de\/wordpress\/de\/services\/","name":"Services - Maschinenbau Weimer","isPartOf":{"@id":"https:\/\/maschinenbau-weimer.de\/wordpress\/#website"},"datePublished":"2016-01-19T14:52:43+00:00","dateModified":"2023-05-26T13:16:30+00:00","breadcrumb":{"@id":"https:\/\/maschinenbau-weimer.de\/wordpress\/de\/services\/#breadcrumb"},"inLanguage":"fr-FR","potentialAction":[{"@type":"ReadAction","target":["https:\/\/maschinenbau-weimer.de\/wordpress\/de\/services\/"]}]},{"@type":"BreadcrumbList","@id":"https:\/\/maschinenbau-weimer.de\/wordpress\/de\/services\/#breadcrumb","itemListElement":[{"@type":"ListItem","position":1,"name":"Accueil","item":"https:\/\/maschinenbau-weimer.de\/wordpress\/"},{"@type":"ListItem","position":2,"name":"Services"}]},{"@type":"WebSite","@id":"https:\/\/maschinenbau-weimer.de\/wordpress\/#website","url":"https:\/\/maschinenbau-weimer.de\/wordpress\/","name":"Maschinenbau Weimer","description":"","publisher":{"@id":"https:\/\/maschinenbau-weimer.de\/wordpress\/#organization"},"potentialAction":[{"@type":"SearchAction","target":{"@type":"EntryPoint","urlTemplate":"https:\/\/maschinenbau-weimer.de\/wordpress\/?s={search_term_string}"},"query-input":{"@type":"PropertyValueSpecification","valueRequired":true,"valueName":"search_term_string"}}],"inLanguage":"fr-FR"},{"@type":"Organization","@id":"https:\/\/maschinenbau-weimer.de\/wordpress\/#organization","name":"Maschinenbau Weimer","url":"https:\/\/maschinenbau-weimer.de\/wordpress\/","logo":{"@type":"ImageObject","inLanguage":"fr-FR","@id":"https:\/\/maschinenbau-weimer.de\/wordpress\/#\/schema\/logo\/image\/","url":"https:\/\/maschinenbau-weimer.de\/wordpress\/wp-content\/uploads\/2020\/02\/cropped-cropped-cropped-logo-weimer-maschinenbau-1-1.png","contentUrl":"https:\/\/maschinenbau-weimer.de\/wordpress\/wp-content\/uploads\/2020\/02\/cropped-cropped-cropped-logo-weimer-maschinenbau-1-1.png","width":302,"height":104,"caption":"Maschinenbau Weimer"},"image":{"@id":"https:\/\/maschinenbau-weimer.de\/wordpress\/#\/schema\/logo\/image\/"}}]}},"jetpack_sharing_enabled":true,"_links":{"self":[{"href":"https:\/\/maschinenbau-weimer.de\/wordpress\/wp-json\/wp\/v2\/pages\/1436","targetHints":{"allow":["GET"]}}],"collection":[{"href":"https:\/\/maschinenbau-weimer.de\/wordpress\/wp-json\/wp\/v2\/pages"}],"about":[{"href":"https:\/\/maschinenbau-weimer.de\/wordpress\/wp-json\/wp\/v2\/types\/page"}],"author":[{"embeddable":true,"href":"https:\/\/maschinenbau-weimer.de\/wordpress\/wp-json\/wp\/v2\/users\/2"}],"replies":[{"embeddable":true,"href":"https:\/\/maschinenbau-weimer.de\/wordpress\/wp-json\/wp\/v2\/comments?post=1436"}],"version-history":[{"count":0,"href":"https:\/\/maschinenbau-weimer.de\/wordpress\/wp-json\/wp\/v2\/pages\/1436\/revisions"}],"wp:attachment":[{"href":"https:\/\/maschinenbau-weimer.de\/wordpress\/wp-json\/wp\/v2\/media?parent=1436"}],"curies":[{"name":"wp","href":"https:\/\/api.w.org\/{rel}","templated":true}]}}