{"id":2569,"date":"2020-10-21T09:12:10","date_gmt":"2020-10-21T09:12:10","guid":{"rendered":"https:\/\/maschinenbau-weimer.de\/wordpress\/?page_id=2569"},"modified":"2023-05-26T12:33:53","modified_gmt":"2023-05-26T12:33:53","slug":"a-propos","status":"publish","type":"page","link":"https:\/\/maschinenbau-weimer.de\/wordpress\/fr\/a-propos\/","title":{"rendered":"A propos"},"content":{"rendered":"<section class=\"wpb-content-wrapper\"><p>[vc_row][vc_column][\/vc_column][\/vc_row][vc_row css=\u00a0\u00bb.vc_custom_1460122496361{margin-bottom: 30px !important;}\u00a0\u00bb][vc_column width=\u00a0\u00bb1\/2&Prime;][vc_custom_heading text=\u00a0\u00bbABOUT WEIMER MASCHINENBAU\u00a0\u00bb use_theme_fonts=\u00a0\u00bbyes\u00a0\u00bb el_class=\u00a0\u00bbtitle\u00a0\u00bb][vc_empty_space height=\u00a0\u00bb20px\u00a0\u00bb][vc_column_text]<span style=\"font-size: 18px;\">L&rsquo;entreprise Weimer Maschinenbau est une entreprise familiale fond\u00e9e en 1998 par Klaus Weimer. Nos activit\u00e9s principales sont la maintenance et la r\u00e9paration des installations de production pour l&rsquo;industrie des boissons. Nous assistons nos clients sur site en Allemagne et dans le monde entier depuis notre si\u00e8ge social \u00e0 G\u00e4ufelden pr\u00e8s de Stuttgart.<\/span>[\/vc_column_text][\/vc_column][vc_column width=\u00a0\u00bb1\/2&Prime;][vc_single_image image=\u00a0\u00bb2149&Prime; img_size=\u00a0\u00bblarge\u00a0\u00bb][\/vc_column][\/vc_row][vc_row css=\u00a0\u00bb.vc_custom_1453212299071{margin-bottom: 20px !important;}\u00a0\u00bb][vc_column][vc_custom_heading text=\u00a0\u00bbWeimer Maschinenbau compte une vingtaine de travailleurs dont 10 employ\u00e9s propres et divers sous-entreprises et collaborateurs de longue dur\u00e9e\u00a0\u00bb use_theme_fonts=\u00a0\u00bbyes\u00a0\u00bb el_class=\u00a0\u00bbtitle\u00a0\u00bb][\/vc_column][\/vc_row][vc_row][vc_column][vc_custom_heading text=\u00a0\u00bbNOS CLIENTS\u00a0\u00bb use_theme_fonts=\u00a0\u00bbyes\u00a0\u00bb][\/vc_column][\/vc_row][vc_row][vc_column width=\u00a0\u00bb1\/3&Prime;][vc_single_image image=\u00a0\u00bb3817&Prime; img_size=\u00a0\u00bbmedium\u00a0\u00bb][\/vc_column][vc_column width=\u00a0\u00bb1\/3&Prime;][vc_single_image image=\u00a0\u00bb3819&Prime; img_size=\u00a0\u00bbmedium\u00a0\u00bb][\/vc_column][\/vc_row][vc_row][vc_column width=\u00a0\u00bb1\/3&Prime;][vc_single_image image=\u00a0\u00bb2793&Prime; img_size=\u00a0\u00bbmedium\u00a0\u00bb][\/vc_column][vc_column width=\u00a0\u00bb1\/3&Prime;][vc_single_image image=\u00a0\u00bb3824&Prime; img_size=\u00a0\u00bbmedium\u00a0\u00bb][\/vc_column][vc_column width=\u00a0\u00bb1\/3&Prime;][vc_single_image image=\u00a0\u00bb2790&Prime; img_size=\u00a0\u00bbmedium\u00a0\u00bb][\/vc_column][\/vc_row][vc_row][vc_column width=\u00a0\u00bb1\/3&Prime;][vc_single_image image=\u00a0\u00bb2794&Prime; img_size=\u00a0\u00bbmedium\u00a0\u00bb][\/vc_column][vc_column width=\u00a0\u00bb1\/3&Prime;][vc_single_image image=\u00a0\u00bb2791&Prime;][\/vc_column][vc_column width=\u00a0\u00bb1\/3&Prime;][vc_single_image image=\u00a0\u00bb3129&Prime; alignment=\u00a0\u00bbcenter\u00a0\u00bb][\/vc_column][\/vc_row][vc_row][vc_column width=\u00a0\u00bb1\/2&Prime;][vc_single_image image=\u00a0\u00bb3827&Prime; img_size=\u00a0\u00bbmedium\u00a0\u00bb][\/vc_column][vc_column width=\u00a0\u00bb1\/2&Prime;][vc_single_image image=\u00a0\u00bb3825&Prime; img_size=\u00a0\u00bbmedium\u00a0\u00bb][\/vc_column][\/vc_row]<\/p>\n<\/section>","protected":false},"excerpt":{"rendered":"<p>[vc_row][vc_column][\/vc_column][\/vc_row][vc_row css=\u00a0\u00bb.vc_custom_1460122496361{margin-bottom: 30px !important;}\u00a0\u00bb][vc_column width=\u00a0\u00bb1\/2&Prime;][vc_custom_heading text=\u00a0\u00bbABOUT WEIMER MASCHINENBAU\u00a0\u00bb use_theme_fonts=\u00a0\u00bbyes\u00a0\u00bb el_class=\u00a0\u00bbtitle\u00a0\u00bb][vc_empty_space height=\u00a0\u00bb20px\u00a0\u00bb][vc_column_text]L&rsquo;entreprise Weimer Maschinenbau est une entreprise familiale fond\u00e9e en 1998 par Klaus Weimer. Nos activit\u00e9s principales sont la maintenance et la r\u00e9paration des installations de production pour l&rsquo;industrie des boissons. Nous assistons nos clients sur site en Allemagne et dans le monde entier depuis notre [&hellip;]<\/p>\n","protected":false},"author":1,"featured_media":0,"parent":0,"menu_order":0,"comment_status":"closed","ping_status":"closed","template":"","meta":{"footnotes":""},"class_list":["post-2569","page","type-page","status-publish","hentry"],"yoast_head":"<!-- This site is optimized with the Yoast SEO plugin v27.3 - https:\/\/yoast.com\/product\/yoast-seo-wordpress\/ -->\n<title>A propos - Maschinenbau Weimer<\/title>\n<meta name=\"robots\" content=\"index, follow, max-snippet:-1, max-image-preview:large, max-video-preview:-1\" \/>\n<link rel=\"canonical\" href=\"https:\/\/maschinenbau-weimer.de\/wordpress\/fr\/a-propos\/\" \/>\n<meta property=\"og:locale\" content=\"fr_FR\" \/>\n<meta property=\"og:type\" content=\"article\" \/>\n<meta property=\"og:title\" content=\"A propos - Maschinenbau Weimer\" \/>\n<meta property=\"og:description\" content=\"[vc_row][vc_column][\/vc_column][\/vc_row][vc_row css=\u00a0\u00bb.vc_custom_1460122496361{margin-bottom: 30px !important;}\u00a0\u00bb][vc_column width=\u00a0\u00bb1\/2&Prime;][vc_custom_heading text=\u00a0\u00bbABOUT WEIMER MASCHINENBAU\u00a0\u00bb use_theme_fonts=\u00a0\u00bbyes\u00a0\u00bb el_class=\u00a0\u00bbtitle\u00a0\u00bb][vc_empty_space height=\u00a0\u00bb20px\u00a0\u00bb][vc_column_text]L&rsquo;entreprise Weimer Maschinenbau est une entreprise familiale fond\u00e9e en 1998 par Klaus Weimer. Nos activit\u00e9s principales sont la maintenance et la r\u00e9paration des installations de production pour l&rsquo;industrie des boissons. Nous assistons nos clients sur site en Allemagne et dans le monde entier depuis notre [&hellip;]\" \/>\n<meta property=\"og:url\" content=\"https:\/\/maschinenbau-weimer.de\/wordpress\/fr\/a-propos\/\" \/>\n<meta property=\"og:site_name\" content=\"Maschinenbau Weimer\" \/>\n<meta property=\"article:modified_time\" content=\"2023-05-26T12:33:53+00:00\" \/>\n<meta name=\"twitter:card\" content=\"summary_large_image\" \/>\n<meta name=\"twitter:label1\" content=\"Dur\u00e9e de lecture estim\u00e9e\" \/>\n\t<meta name=\"twitter:data1\" content=\"2 minutes\" \/>\n<script type=\"application\/ld+json\" class=\"yoast-schema-graph\">{\"@context\":\"https:\\\/\\\/schema.org\",\"@graph\":[{\"@type\":\"WebPage\",\"@id\":\"https:\\\/\\\/maschinenbau-weimer.de\\\/wordpress\\\/fr\\\/a-propos\\\/\",\"url\":\"https:\\\/\\\/maschinenbau-weimer.de\\\/wordpress\\\/fr\\\/a-propos\\\/\",\"name\":\"A propos - Maschinenbau Weimer\",\"isPartOf\":{\"@id\":\"https:\\\/\\\/maschinenbau-weimer.de\\\/wordpress\\\/#website\"},\"datePublished\":\"2020-10-21T09:12:10+00:00\",\"dateModified\":\"2023-05-26T12:33:53+00:00\",\"breadcrumb\":{\"@id\":\"https:\\\/\\\/maschinenbau-weimer.de\\\/wordpress\\\/fr\\\/a-propos\\\/#breadcrumb\"},\"inLanguage\":\"fr-FR\",\"potentialAction\":[{\"@type\":\"ReadAction\",\"target\":[\"https:\\\/\\\/maschinenbau-weimer.de\\\/wordpress\\\/fr\\\/a-propos\\\/\"]}]},{\"@type\":\"BreadcrumbList\",\"@id\":\"https:\\\/\\\/maschinenbau-weimer.de\\\/wordpress\\\/fr\\\/a-propos\\\/#breadcrumb\",\"itemListElement\":[{\"@type\":\"ListItem\",\"position\":1,\"name\":\"Accueil\",\"item\":\"https:\\\/\\\/maschinenbau-weimer.de\\\/wordpress\\\/\"},{\"@type\":\"ListItem\",\"position\":2,\"name\":\"A propos\"}]},{\"@type\":\"WebSite\",\"@id\":\"https:\\\/\\\/maschinenbau-weimer.de\\\/wordpress\\\/#website\",\"url\":\"https:\\\/\\\/maschinenbau-weimer.de\\\/wordpress\\\/\",\"name\":\"Maschinenbau Weimer\",\"description\":\"\",\"publisher\":{\"@id\":\"https:\\\/\\\/maschinenbau-weimer.de\\\/wordpress\\\/#organization\"},\"potentialAction\":[{\"@type\":\"SearchAction\",\"target\":{\"@type\":\"EntryPoint\",\"urlTemplate\":\"https:\\\/\\\/maschinenbau-weimer.de\\\/wordpress\\\/?s={search_term_string}\"},\"query-input\":{\"@type\":\"PropertyValueSpecification\",\"valueRequired\":true,\"valueName\":\"search_term_string\"}}],\"inLanguage\":\"fr-FR\"},{\"@type\":\"Organization\",\"@id\":\"https:\\\/\\\/maschinenbau-weimer.de\\\/wordpress\\\/#organization\",\"name\":\"Maschinenbau Weimer\",\"url\":\"https:\\\/\\\/maschinenbau-weimer.de\\\/wordpress\\\/\",\"logo\":{\"@type\":\"ImageObject\",\"inLanguage\":\"fr-FR\",\"@id\":\"https:\\\/\\\/maschinenbau-weimer.de\\\/wordpress\\\/#\\\/schema\\\/logo\\\/image\\\/\",\"url\":\"https:\\\/\\\/maschinenbau-weimer.de\\\/wordpress\\\/wp-content\\\/uploads\\\/2020\\\/02\\\/cropped-cropped-cropped-logo-weimer-maschinenbau-1-1.png\",\"contentUrl\":\"https:\\\/\\\/maschinenbau-weimer.de\\\/wordpress\\\/wp-content\\\/uploads\\\/2020\\\/02\\\/cropped-cropped-cropped-logo-weimer-maschinenbau-1-1.png\",\"width\":302,\"height\":104,\"caption\":\"Maschinenbau Weimer\"},\"image\":{\"@id\":\"https:\\\/\\\/maschinenbau-weimer.de\\\/wordpress\\\/#\\\/schema\\\/logo\\\/image\\\/\"}}]}<\/script>\n<!-- \/ Yoast SEO plugin. -->","yoast_head_json":{"title":"A propos - Maschinenbau Weimer","robots":{"index":"index","follow":"follow","max-snippet":"max-snippet:-1","max-image-preview":"max-image-preview:large","max-video-preview":"max-video-preview:-1"},"canonical":"https:\/\/maschinenbau-weimer.de\/wordpress\/fr\/a-propos\/","og_locale":"fr_FR","og_type":"article","og_title":"A propos - Maschinenbau Weimer","og_description":"[vc_row][vc_column][\/vc_column][\/vc_row][vc_row css=\u00a0\u00bb.vc_custom_1460122496361{margin-bottom: 30px !important;}\u00a0\u00bb][vc_column width=\u00a0\u00bb1\/2&Prime;][vc_custom_heading text=\u00a0\u00bbABOUT WEIMER MASCHINENBAU\u00a0\u00bb use_theme_fonts=\u00a0\u00bbyes\u00a0\u00bb el_class=\u00a0\u00bbtitle\u00a0\u00bb][vc_empty_space height=\u00a0\u00bb20px\u00a0\u00bb][vc_column_text]L&rsquo;entreprise Weimer Maschinenbau est une entreprise familiale fond\u00e9e en 1998 par Klaus Weimer. Nos activit\u00e9s principales sont la maintenance et la r\u00e9paration des installations de production pour l&rsquo;industrie des boissons. Nous assistons nos clients sur site en Allemagne et dans le monde entier depuis notre [&hellip;]","og_url":"https:\/\/maschinenbau-weimer.de\/wordpress\/fr\/a-propos\/","og_site_name":"Maschinenbau Weimer","article_modified_time":"2023-05-26T12:33:53+00:00","twitter_card":"summary_large_image","twitter_misc":{"Dur\u00e9e de lecture estim\u00e9e":"2 minutes"},"schema":{"@context":"https:\/\/schema.org","@graph":[{"@type":"WebPage","@id":"https:\/\/maschinenbau-weimer.de\/wordpress\/fr\/a-propos\/","url":"https:\/\/maschinenbau-weimer.de\/wordpress\/fr\/a-propos\/","name":"A propos - Maschinenbau Weimer","isPartOf":{"@id":"https:\/\/maschinenbau-weimer.de\/wordpress\/#website"},"datePublished":"2020-10-21T09:12:10+00:00","dateModified":"2023-05-26T12:33:53+00:00","breadcrumb":{"@id":"https:\/\/maschinenbau-weimer.de\/wordpress\/fr\/a-propos\/#breadcrumb"},"inLanguage":"fr-FR","potentialAction":[{"@type":"ReadAction","target":["https:\/\/maschinenbau-weimer.de\/wordpress\/fr\/a-propos\/"]}]},{"@type":"BreadcrumbList","@id":"https:\/\/maschinenbau-weimer.de\/wordpress\/fr\/a-propos\/#breadcrumb","itemListElement":[{"@type":"ListItem","position":1,"name":"Accueil","item":"https:\/\/maschinenbau-weimer.de\/wordpress\/"},{"@type":"ListItem","position":2,"name":"A propos"}]},{"@type":"WebSite","@id":"https:\/\/maschinenbau-weimer.de\/wordpress\/#website","url":"https:\/\/maschinenbau-weimer.de\/wordpress\/","name":"Maschinenbau Weimer","description":"","publisher":{"@id":"https:\/\/maschinenbau-weimer.de\/wordpress\/#organization"},"potentialAction":[{"@type":"SearchAction","target":{"@type":"EntryPoint","urlTemplate":"https:\/\/maschinenbau-weimer.de\/wordpress\/?s={search_term_string}"},"query-input":{"@type":"PropertyValueSpecification","valueRequired":true,"valueName":"search_term_string"}}],"inLanguage":"fr-FR"},{"@type":"Organization","@id":"https:\/\/maschinenbau-weimer.de\/wordpress\/#organization","name":"Maschinenbau Weimer","url":"https:\/\/maschinenbau-weimer.de\/wordpress\/","logo":{"@type":"ImageObject","inLanguage":"fr-FR","@id":"https:\/\/maschinenbau-weimer.de\/wordpress\/#\/schema\/logo\/image\/","url":"https:\/\/maschinenbau-weimer.de\/wordpress\/wp-content\/uploads\/2020\/02\/cropped-cropped-cropped-logo-weimer-maschinenbau-1-1.png","contentUrl":"https:\/\/maschinenbau-weimer.de\/wordpress\/wp-content\/uploads\/2020\/02\/cropped-cropped-cropped-logo-weimer-maschinenbau-1-1.png","width":302,"height":104,"caption":"Maschinenbau Weimer"},"image":{"@id":"https:\/\/maschinenbau-weimer.de\/wordpress\/#\/schema\/logo\/image\/"}}]}},"jetpack_sharing_enabled":true,"_links":{"self":[{"href":"https:\/\/maschinenbau-weimer.de\/wordpress\/wp-json\/wp\/v2\/pages\/2569","targetHints":{"allow":["GET"]}}],"collection":[{"href":"https:\/\/maschinenbau-weimer.de\/wordpress\/wp-json\/wp\/v2\/pages"}],"about":[{"href":"https:\/\/maschinenbau-weimer.de\/wordpress\/wp-json\/wp\/v2\/types\/page"}],"author":[{"embeddable":true,"href":"https:\/\/maschinenbau-weimer.de\/wordpress\/wp-json\/wp\/v2\/users\/1"}],"replies":[{"embeddable":true,"href":"https:\/\/maschinenbau-weimer.de\/wordpress\/wp-json\/wp\/v2\/comments?post=2569"}],"version-history":[{"count":0,"href":"https:\/\/maschinenbau-weimer.de\/wordpress\/wp-json\/wp\/v2\/pages\/2569\/revisions"}],"wp:attachment":[{"href":"https:\/\/maschinenbau-weimer.de\/wordpress\/wp-json\/wp\/v2\/media?parent=2569"}],"curies":[{"name":"wp","href":"https:\/\/api.w.org\/{rel}","templated":true}]}}