{"id":2575,"date":"2020-02-16T12:29:53","date_gmt":"2020-02-16T12:29:53","guid":{"rendered":"https:\/\/maschinenbau-weimer.de\/wordpress\/?page_id=2575"},"modified":"2023-05-26T13:20:08","modified_gmt":"2023-05-26T13:20:08","slug":"nos-produits","status":"publish","type":"page","link":"https:\/\/maschinenbau-weimer.de\/wordpress\/fr\/nos-produits\/","title":{"rendered":"Nos Produits"},"content":{"rendered":"<section class=\"wpb-content-wrapper\"><p>[vc_row][vc_column width=\u00a0\u00bb1\/4&Prime; el_id=\u00a0\u00bbimg-produkte-1&Prime; el_class=\u00a0\u00bbjs-update-height\u00a0\u00bb][vc_single_image image=\u00a0\u00bb3612&Prime; img_size=\u00a0\u00bb300&#215;600&Prime; css=\u00a0\u00bb.vc_custom_1620989840929{margin: 15px !important;}\u00a0\u00bb][\/vc_column][vc_column width=\u00a0\u00bb3\/4&Prime;][vc_custom_heading text=\u00a0\u00bbMachines\u00a0\u00bb font_container=\u00a0\u00bbtag:h2|text_align:left|color:%23000000&Prime; use_theme_fonts=\u00a0\u00bbyes\u00a0\u00bb el_class=\u00a0\u00bbtitle\u00a0\u00bb][vc_column_text]<span style=\"font-size: 18px\">Nous sommes votre partenaire comp\u00e9tent pour toute machine sp\u00e9ciale<\/span><\/p>\n<p><span style=\"font-size: 18px\">Riches de notre \u00a0exp\u00e9rience de plus de 30 ans dans le domaine des machines pour l&rsquo;industrie des boissons et de l&#8217;emballage, nous pouvons r\u00e9pondre parfaitement \u00e0 vos besoins et attentes. Nous vous planons, construisons ou ajustons des machines ou installations adapt\u00e9es \u00e0 vos besoins.<\/span><\/p>\n<p><span style=\"font-size: 18px\">Sur demande nous livrons des machines m\u00e9caniquement et \u00e9lectriquement remises en \u00e9tat. Les r\u00e9visions de ces machines incluent l&rsquo;ajournement des \u00a0techniques de s\u00e9curit\u00e9 et les garanties correspondantes.<\/span><\/p>\n<p><span style=\"font-size: 18px\">Nos machines d&rsquo;occasion r\u00e9nov\u00e9es sont une alternative \u00e9conomiquement attractive aux machines neuves.<\/span><\/p>\n<p><span style=\"font-size: 18px\">Nous vous livrons par exemple des machines r\u00e9nov\u00e9es de type:<\/span><\/p>\n<ul>\n<li><span style=\"font-size: 18px\">Palettiseurs\u00a0<\/span><\/li>\n<li><span style=\"font-size: 18px\">Machines d&#8217;emballage\u00a0<\/span><\/li>\n<li><span style=\"font-size: 18px\">Syst\u00e8mes Transporteures<\/span><\/li>\n<li><span style=\"font-size: 18px\">Machines \u00e0 carton<\/span><\/li>\n<\/ul>\n<p><span style=\"font-size: 18px\">Nous vous soumettons bien \u00e9videment aussi des offres pour tout autre machine sp\u00e9cifique pour vos besoins.<\/span>[\/vc_column_text][\/vc_column][\/vc_row][vc_row][vc_column width=\u00a0\u00bb1\/4&Prime; el_id=\u00a0\u00bbimg-produkte-2&Prime; el_class=\u00a0\u00bbjs-update-height\u00a0\u00bb][vc_single_image image=\u00a0\u00bb3610&Prime; img_size=\u00a0\u00bb300&#215;430&Prime; css=\u00a0\u00bb.vc_custom_1620989928915{margin: 15px !important;}\u00a0\u00bb][\/vc_column][vc_column width=\u00a0\u00bb3\/4&Prime;][vc_custom_heading text=\u00a0\u00bbPi\u00e8ces de Rechange\u00a0\u00bb font_container=\u00a0\u00bbtag:h2|text_align:left|color:%23000000&Prime; use_theme_fonts=\u00a0\u00bbyes\u00a0\u00bb el_class=\u00a0\u00bbtitle\u00a0\u00bb][vc_column_text]<span style=\"font-size: 18px\">Notre services de pi\u00e8ces de rechange vous garantit en cas de dysfonctionnement un service rapide et fiable. Nous vous livrons les bonnes pi\u00e8ces de rechange \u00e0 tout moment<\/span><\/p>\n<p><span style=\"font-size: 18px\">Pour cela nous proc\u00e9dons au pr\u00e9alable \u00e0 l&rsquo;inventaire des pi\u00e8ces de rechanges et la r\u00e9daction d&rsquo;un rapport de situation d\u00e9taill\u00e9 de vos installations\u00a0<\/span><\/p>\n<p><span style=\"font-size: 18px\">Finalement nous analysons \u00e0 la lumi\u00e8re de l&rsquo;examen de cet inventaire vos besoins en pi\u00e8ces de rechange et vos stockages. Grace \u00e0 ces donn\u00e9es nous pouvons identifier d&rsquo;\u00e9ventuels sur- ou sous- approvisionnements en pi\u00e8ces de rechange de vos stocks et vous soumettre un plan d&rsquo;approvisionnement et de maintenance de vos installations au meilleur co\u00fbt<\/span><\/p>\n<p><span style=\"font-size: 18px\">Nos services comprennent la livraison de pi\u00e8ces standard, pi\u00e8ces sp\u00e9ciales et r\u00e9pliques de toutes sortes de pi\u00e8ces d\u00e9fectueuses.<\/span>[\/vc_column_text][\/vc_column][\/vc_row][vc_row][vc_column width=\u00a0\u00bb1\/4&Prime; el_id=\u00a0\u00bbimg-produkte-3&Prime; el_class=\u00a0\u00bbjs-update-height\u00a0\u00bb][vc_single_image image=\u00a0\u00bb3774&Prime; img_size=\u00a0\u00bb300&#215;420&Prime; css=\u00a0\u00bb.vc_custom_1621107909436{margin-top: 15px !important;margin-right: 15px !important;margin-bottom: 15px !important;margin-left: 15px !important;}\u00a0\u00bb][\/vc_column][vc_column width=\u00a0\u00bb3\/4&Prime;][vc_custom_heading text=\u00a0\u00bbTechnologies de S\u00e9curit\u00e9 de Travail\u00a0\u00bb font_container=\u00a0\u00bbtag:h2|text_align:left|color:%23000000&Prime; use_theme_fonts=\u00a0\u00bbyes\u00a0\u00bb el_class=\u00a0\u00bbtitle\u00a0\u00bb][vc_column_text]<span style=\"font-size: 18px\">Pour une maximale protection de travail de vos employ\u00e9s, machines et installations, nous d\u00e9veloppons avec vous votre concept personnalis\u00e9 de s\u00e9curit\u00e9 dans le respect des normes s\u00e9curitaires et de vos besoins de fonctionnalit\u00e9 et productivit\u00e9<\/span><\/p>\n<p><span style=\"font-size: 18px\">Nous couvrons pour vous toutes les \u00e9tapes depuis la planification des mesures s\u00e9curitaires jusqu\u2019\u00e0 la mise en place et montage de tous les \u00e9l\u00e9ments et programmes n\u00e9cessaires au fonctionnement le plus s\u00fbr de vos machines<\/span><\/p>\n<p><span style=\"font-size: 18px\">Pour votre s\u00e9curit\u00e9 nous ne proposons que des \u00e9l\u00e9ments fiables dont la r\u00e9putation des producteurs n\u2019est plus \u00e0 refaire<\/span>[\/vc_column_text][vc_column_text css=\u00a0\u00bb.vc_custom_1685107204965{margin-bottom: 100px !important;}\u00a0\u00bb]<span style=\"font-size: 18px\">Sur demande nous v\u00e9rifions, validons ou compl\u00e9tons aussi des syst\u00e8mes de s\u00e9curit\u00e9 d\u00e9j\u00e0 \u00e9tablis.<\/span>[\/vc_column_text][\/vc_column][\/vc_row]<\/p>\n<\/section>","protected":false},"excerpt":{"rendered":"<p>[vc_row][vc_column width=\u00a0\u00bb1\/4&Prime; el_id=\u00a0\u00bbimg-produkte-1&Prime; el_class=\u00a0\u00bbjs-update-height\u00a0\u00bb][vc_single_image image=\u00a0\u00bb3612&Prime; img_size=\u00a0\u00bb300&#215;600&Prime; css=\u00a0\u00bb.vc_custom_1620989840929{margin: 15px !important;}\u00a0\u00bb][\/vc_column][vc_column width=\u00a0\u00bb3\/4&Prime;][vc_custom_heading text=\u00a0\u00bbMachines\u00a0\u00bb font_container=\u00a0\u00bbtag:h2|text_align:left|color:%23000000&Prime; use_theme_fonts=\u00a0\u00bbyes\u00a0\u00bb el_class=\u00a0\u00bbtitle\u00a0\u00bb][vc_column_text]Nous sommes votre partenaire comp\u00e9tent pour toute machine sp\u00e9ciale Riches de notre \u00a0exp\u00e9rience de plus de 30 ans dans le domaine des machines pour l&rsquo;industrie des boissons et de l&#8217;emballage, nous pouvons r\u00e9pondre parfaitement \u00e0 vos besoins et attentes. Nous vous planons, [&hellip;]<\/p>\n","protected":false},"author":1,"featured_media":0,"parent":0,"menu_order":0,"comment_status":"closed","ping_status":"closed","template":"","meta":{"footnotes":""},"class_list":["post-2575","page","type-page","status-publish","hentry"],"yoast_head":"<!-- This site is optimized with the Yoast SEO plugin v27.3 - https:\/\/yoast.com\/product\/yoast-seo-wordpress\/ -->\n<title>Nos Produits - Maschinenbau Weimer<\/title>\n<meta name=\"robots\" content=\"index, follow, max-snippet:-1, max-image-preview:large, max-video-preview:-1\" \/>\n<link rel=\"canonical\" href=\"https:\/\/maschinenbau-weimer.de\/wordpress\/fr\/nos-produits\/\" \/>\n<meta property=\"og:locale\" content=\"fr_FR\" \/>\n<meta property=\"og:type\" content=\"article\" \/>\n<meta property=\"og:title\" content=\"Nos Produits - Maschinenbau Weimer\" \/>\n<meta property=\"og:description\" content=\"[vc_row][vc_column width=\u00a0\u00bb1\/4&Prime; el_id=\u00a0\u00bbimg-produkte-1&Prime; el_class=\u00a0\u00bbjs-update-height\u00a0\u00bb][vc_single_image image=\u00a0\u00bb3612&Prime; img_size=\u00a0\u00bb300&#215;600&Prime; css=\u00a0\u00bb.vc_custom_1620989840929{margin: 15px !important;}\u00a0\u00bb][\/vc_column][vc_column width=\u00a0\u00bb3\/4&Prime;][vc_custom_heading text=\u00a0\u00bbMachines\u00a0\u00bb font_container=\u00a0\u00bbtag:h2|text_align:left|color:%23000000&Prime; use_theme_fonts=\u00a0\u00bbyes\u00a0\u00bb el_class=\u00a0\u00bbtitle\u00a0\u00bb][vc_column_text]Nous sommes votre partenaire comp\u00e9tent pour toute machine sp\u00e9ciale Riches de notre \u00a0exp\u00e9rience de plus de 30 ans dans le domaine des machines pour l&rsquo;industrie des boissons et de l&#8217;emballage, nous pouvons r\u00e9pondre parfaitement \u00e0 vos besoins et attentes. Nous vous planons, [&hellip;]\" \/>\n<meta property=\"og:url\" content=\"https:\/\/maschinenbau-weimer.de\/wordpress\/fr\/nos-produits\/\" \/>\n<meta property=\"og:site_name\" content=\"Maschinenbau Weimer\" \/>\n<meta property=\"article:modified_time\" content=\"2023-05-26T13:20:08+00:00\" \/>\n<meta name=\"twitter:card\" content=\"summary_large_image\" \/>\n<meta name=\"twitter:label1\" content=\"Dur\u00e9e de lecture estim\u00e9e\" \/>\n\t<meta name=\"twitter:data1\" content=\"3 minutes\" \/>\n<script type=\"application\/ld+json\" class=\"yoast-schema-graph\">{\"@context\":\"https:\\\/\\\/schema.org\",\"@graph\":[{\"@type\":\"WebPage\",\"@id\":\"https:\\\/\\\/maschinenbau-weimer.de\\\/wordpress\\\/fr\\\/nos-produits\\\/\",\"url\":\"https:\\\/\\\/maschinenbau-weimer.de\\\/wordpress\\\/fr\\\/nos-produits\\\/\",\"name\":\"Nos Produits - Maschinenbau Weimer\",\"isPartOf\":{\"@id\":\"https:\\\/\\\/maschinenbau-weimer.de\\\/wordpress\\\/#website\"},\"datePublished\":\"2020-02-16T12:29:53+00:00\",\"dateModified\":\"2023-05-26T13:20:08+00:00\",\"breadcrumb\":{\"@id\":\"https:\\\/\\\/maschinenbau-weimer.de\\\/wordpress\\\/fr\\\/nos-produits\\\/#breadcrumb\"},\"inLanguage\":\"fr-FR\",\"potentialAction\":[{\"@type\":\"ReadAction\",\"target\":[\"https:\\\/\\\/maschinenbau-weimer.de\\\/wordpress\\\/fr\\\/nos-produits\\\/\"]}]},{\"@type\":\"BreadcrumbList\",\"@id\":\"https:\\\/\\\/maschinenbau-weimer.de\\\/wordpress\\\/fr\\\/nos-produits\\\/#breadcrumb\",\"itemListElement\":[{\"@type\":\"ListItem\",\"position\":1,\"name\":\"Accueil\",\"item\":\"https:\\\/\\\/maschinenbau-weimer.de\\\/wordpress\\\/\"},{\"@type\":\"ListItem\",\"position\":2,\"name\":\"Nos Produits\"}]},{\"@type\":\"WebSite\",\"@id\":\"https:\\\/\\\/maschinenbau-weimer.de\\\/wordpress\\\/#website\",\"url\":\"https:\\\/\\\/maschinenbau-weimer.de\\\/wordpress\\\/\",\"name\":\"Maschinenbau Weimer\",\"description\":\"\",\"publisher\":{\"@id\":\"https:\\\/\\\/maschinenbau-weimer.de\\\/wordpress\\\/#organization\"},\"potentialAction\":[{\"@type\":\"SearchAction\",\"target\":{\"@type\":\"EntryPoint\",\"urlTemplate\":\"https:\\\/\\\/maschinenbau-weimer.de\\\/wordpress\\\/?s={search_term_string}\"},\"query-input\":{\"@type\":\"PropertyValueSpecification\",\"valueRequired\":true,\"valueName\":\"search_term_string\"}}],\"inLanguage\":\"fr-FR\"},{\"@type\":\"Organization\",\"@id\":\"https:\\\/\\\/maschinenbau-weimer.de\\\/wordpress\\\/#organization\",\"name\":\"Maschinenbau Weimer\",\"url\":\"https:\\\/\\\/maschinenbau-weimer.de\\\/wordpress\\\/\",\"logo\":{\"@type\":\"ImageObject\",\"inLanguage\":\"fr-FR\",\"@id\":\"https:\\\/\\\/maschinenbau-weimer.de\\\/wordpress\\\/#\\\/schema\\\/logo\\\/image\\\/\",\"url\":\"https:\\\/\\\/maschinenbau-weimer.de\\\/wordpress\\\/wp-content\\\/uploads\\\/2020\\\/02\\\/cropped-cropped-cropped-logo-weimer-maschinenbau-1-1.png\",\"contentUrl\":\"https:\\\/\\\/maschinenbau-weimer.de\\\/wordpress\\\/wp-content\\\/uploads\\\/2020\\\/02\\\/cropped-cropped-cropped-logo-weimer-maschinenbau-1-1.png\",\"width\":302,\"height\":104,\"caption\":\"Maschinenbau Weimer\"},\"image\":{\"@id\":\"https:\\\/\\\/maschinenbau-weimer.de\\\/wordpress\\\/#\\\/schema\\\/logo\\\/image\\\/\"}}]}<\/script>\n<!-- \/ Yoast SEO plugin. -->","yoast_head_json":{"title":"Nos Produits - Maschinenbau Weimer","robots":{"index":"index","follow":"follow","max-snippet":"max-snippet:-1","max-image-preview":"max-image-preview:large","max-video-preview":"max-video-preview:-1"},"canonical":"https:\/\/maschinenbau-weimer.de\/wordpress\/fr\/nos-produits\/","og_locale":"fr_FR","og_type":"article","og_title":"Nos Produits - Maschinenbau Weimer","og_description":"[vc_row][vc_column width=\u00a0\u00bb1\/4&Prime; el_id=\u00a0\u00bbimg-produkte-1&Prime; el_class=\u00a0\u00bbjs-update-height\u00a0\u00bb][vc_single_image image=\u00a0\u00bb3612&Prime; img_size=\u00a0\u00bb300&#215;600&Prime; css=\u00a0\u00bb.vc_custom_1620989840929{margin: 15px !important;}\u00a0\u00bb][\/vc_column][vc_column width=\u00a0\u00bb3\/4&Prime;][vc_custom_heading text=\u00a0\u00bbMachines\u00a0\u00bb font_container=\u00a0\u00bbtag:h2|text_align:left|color:%23000000&Prime; use_theme_fonts=\u00a0\u00bbyes\u00a0\u00bb el_class=\u00a0\u00bbtitle\u00a0\u00bb][vc_column_text]Nous sommes votre partenaire comp\u00e9tent pour toute machine sp\u00e9ciale Riches de notre \u00a0exp\u00e9rience de plus de 30 ans dans le domaine des machines pour l&rsquo;industrie des boissons et de l&#8217;emballage, nous pouvons r\u00e9pondre parfaitement \u00e0 vos besoins et attentes. Nous vous planons, [&hellip;]","og_url":"https:\/\/maschinenbau-weimer.de\/wordpress\/fr\/nos-produits\/","og_site_name":"Maschinenbau Weimer","article_modified_time":"2023-05-26T13:20:08+00:00","twitter_card":"summary_large_image","twitter_misc":{"Dur\u00e9e de lecture estim\u00e9e":"3 minutes"},"schema":{"@context":"https:\/\/schema.org","@graph":[{"@type":"WebPage","@id":"https:\/\/maschinenbau-weimer.de\/wordpress\/fr\/nos-produits\/","url":"https:\/\/maschinenbau-weimer.de\/wordpress\/fr\/nos-produits\/","name":"Nos Produits - Maschinenbau Weimer","isPartOf":{"@id":"https:\/\/maschinenbau-weimer.de\/wordpress\/#website"},"datePublished":"2020-02-16T12:29:53+00:00","dateModified":"2023-05-26T13:20:08+00:00","breadcrumb":{"@id":"https:\/\/maschinenbau-weimer.de\/wordpress\/fr\/nos-produits\/#breadcrumb"},"inLanguage":"fr-FR","potentialAction":[{"@type":"ReadAction","target":["https:\/\/maschinenbau-weimer.de\/wordpress\/fr\/nos-produits\/"]}]},{"@type":"BreadcrumbList","@id":"https:\/\/maschinenbau-weimer.de\/wordpress\/fr\/nos-produits\/#breadcrumb","itemListElement":[{"@type":"ListItem","position":1,"name":"Accueil","item":"https:\/\/maschinenbau-weimer.de\/wordpress\/"},{"@type":"ListItem","position":2,"name":"Nos Produits"}]},{"@type":"WebSite","@id":"https:\/\/maschinenbau-weimer.de\/wordpress\/#website","url":"https:\/\/maschinenbau-weimer.de\/wordpress\/","name":"Maschinenbau Weimer","description":"","publisher":{"@id":"https:\/\/maschinenbau-weimer.de\/wordpress\/#organization"},"potentialAction":[{"@type":"SearchAction","target":{"@type":"EntryPoint","urlTemplate":"https:\/\/maschinenbau-weimer.de\/wordpress\/?s={search_term_string}"},"query-input":{"@type":"PropertyValueSpecification","valueRequired":true,"valueName":"search_term_string"}}],"inLanguage":"fr-FR"},{"@type":"Organization","@id":"https:\/\/maschinenbau-weimer.de\/wordpress\/#organization","name":"Maschinenbau Weimer","url":"https:\/\/maschinenbau-weimer.de\/wordpress\/","logo":{"@type":"ImageObject","inLanguage":"fr-FR","@id":"https:\/\/maschinenbau-weimer.de\/wordpress\/#\/schema\/logo\/image\/","url":"https:\/\/maschinenbau-weimer.de\/wordpress\/wp-content\/uploads\/2020\/02\/cropped-cropped-cropped-logo-weimer-maschinenbau-1-1.png","contentUrl":"https:\/\/maschinenbau-weimer.de\/wordpress\/wp-content\/uploads\/2020\/02\/cropped-cropped-cropped-logo-weimer-maschinenbau-1-1.png","width":302,"height":104,"caption":"Maschinenbau Weimer"},"image":{"@id":"https:\/\/maschinenbau-weimer.de\/wordpress\/#\/schema\/logo\/image\/"}}]}},"jetpack_sharing_enabled":true,"_links":{"self":[{"href":"https:\/\/maschinenbau-weimer.de\/wordpress\/wp-json\/wp\/v2\/pages\/2575","targetHints":{"allow":["GET"]}}],"collection":[{"href":"https:\/\/maschinenbau-weimer.de\/wordpress\/wp-json\/wp\/v2\/pages"}],"about":[{"href":"https:\/\/maschinenbau-weimer.de\/wordpress\/wp-json\/wp\/v2\/types\/page"}],"author":[{"embeddable":true,"href":"https:\/\/maschinenbau-weimer.de\/wordpress\/wp-json\/wp\/v2\/users\/1"}],"replies":[{"embeddable":true,"href":"https:\/\/maschinenbau-weimer.de\/wordpress\/wp-json\/wp\/v2\/comments?post=2575"}],"version-history":[{"count":0,"href":"https:\/\/maschinenbau-weimer.de\/wordpress\/wp-json\/wp\/v2\/pages\/2575\/revisions"}],"wp:attachment":[{"href":"https:\/\/maschinenbau-weimer.de\/wordpress\/wp-json\/wp\/v2\/media?parent=2575"}],"curies":[{"name":"wp","href":"https:\/\/api.w.org\/{rel}","templated":true}]}}